{"id":2,"date":"2019-09-10T12:09:18","date_gmt":"2019-09-10T12:09:18","guid":{"rendered":"http:\/\/localhost\/happy%20pets2\/?p=2"},"modified":"2024-11-21T11:47:00","modified_gmt":"2024-11-21T11:47:00","slug":"products","status":"publish","type":"page","link":"https:\/\/happypetsml.es\/?page_id=2","title":{"rendered":"Qui\u00e9nes Somos"},"content":{"rendered":"<h1>Damos segundas oportunidades a los gatos callejeros.<\/h1>\n<ul>\n<li><a href=\"https:\/\/www.facebook.com\/people\/Happy-Pets-Melilla\/100088403630524\/\">facebook<\/a>\n<\/li>\n<li><a href=\"https:\/\/www.instagram.com\/happypets_melilla\/\">instagram<\/a>\n<\/li>\n<li><a href=\"https:\/\/www.tiktok.com\/@mavikoluhappypetsmelilla\">tiktok<\/a>\n<\/li>\n<li><a href=\"#\">social<\/a>\n<\/li>\n<\/ul>\n<div>\n<p>        <img decoding=\"async\" src=\"\/wp-content\/uploads\/2024\/09\/720_3bkvhoq5gx.jpeg\" alt=\"\"><\/p>\n<h3>Historia de Happy Pets Melilla<\/h3>\n<p>Qui\u00e9nes Somos<\/p>\n<div>\n<p>Happy Pets Melilla naci\u00f3 el 17 de febrero de 2023, como respuesta a la necesidad urgente de dar voz a los gatos callejeros de nuestra ciudad. El proyecto surgi\u00f3 de un grupo de compa\u00f1eras que, tras gestionar diversas colonias de gatos en la ciudad, decidimos crear un grupo de WhatsApp en diciembre de 2022 para ayudarnos mutuamente en los rescates y en la b\u00fasqueda de adopciones. Con el tiempo, vimos la importancia de dar un paso m\u00e1s para poder tener un mayor impacto en los medios y con las administraciones locales, lo que dio origen a esta maravillosa asociaci\u00f3n.<\/p>\n<\/div>\n<\/div>\n<p><video src=\"\/wp-content\/uploads\/2024\/10\/Video-de-WhatsApp-2024-10-02-a-las-11.56.52_4af76494.mp4\" poster=\"\"><\/video><\/p>\n<div>\n<h3>Nuestra Misi\u00f3n<\/h3>\n<div>\n<p>En Happy Pets Melilla, nuestra misi\u00f3n es clara: luchar por los derechos de los gatos callejeros, proporcionarles una vida digna, y asegurar que reciban el cuidado, el amor y la protecci\u00f3n que merecen. Desde rescatar gatos enfermos o heridos hasta encontrarles un hogar definitivo, trabajamos incansablemente para mejorar sus vidas y reducir el abandono y maltrato animal en nuestra comunidad.<\/p>\n<\/div>\n<\/div>\n<p>\n    <a href=\"\/index.php?page_id=20\">Colaborar<\/a>\n<\/p>\n<div>\n<h3>El Equipo Detr\u00e1s de la Asociaci\u00f3n<\/h3>\n<div>\n<p>Happy Pets Melilla es mucho m\u00e1s que una organizaci\u00f3n. Somos un equipo apasionado y comprometido que cree en la segunda oportunidad para cada gato que rescatamos. Nuestra presidenta, <strong>Mavi<\/strong>, lidera con dedicaci\u00f3n tanto la parte administrativa como los rescates, siendo tambi\u00e9n activa en las redes sociales para conseguir apoyo econ\u00f3mico.<\/p>\n<p>Mar\u00eda, nuestra secretaria y tesorera, complementa este esfuerzo con su amor por los animales y su implicaci\u00f3n en el m\u00e9todo CES, siendo clave en la organizaci\u00f3n de eventos y actividades para recaudar fondos. Adem\u00e1s de ellas, contamos con un equipo de voluntarios comprometidos, que incluyen a personas como <strong>Sara<\/strong>, <strong>Arancha<\/strong>,<strong> Lidia<\/strong>, <strong>Irene<\/strong>, <strong>Mimunt<\/strong>, <strong>Sherezade<\/strong> y <strong>Elena<\/strong>. Quienes no solo rescatan y cuidan de los gatos, sino que tambi\u00e9n colaboran en el cuidado de colonias y como casas de acogida.<\/p>\n<\/div>\n<\/div>\n<h1>Miembr@s de la Asociaci\u00f3n<\/h1>\n<p><img decoding=\"async\" src=\"\/wp-content\/uploads\/2024\/10\/Imagen-de-WhatsApp-2024-10-01-a-las-12.14.04_0c25b78a.jpg\" alt=\"\"><\/p>\n<h1>Mavi Presidenta y Fundadora<\/h1>\n<div>\n<p>Presidenta y fundadora, Mavi gestiona la parte administrativa, coordina rescates y usa redes sociales para recaudar fondos. Adem\u00e1s, es casa de acogida para gatos en necesidad.<\/p>\n<\/div>\n<p><img decoding=\"async\" src=\"\/wp-content\/uploads\/2024\/10\/Imagen-de-WhatsApp-2024-10-01-a-las-12.40.52_c9a7a2d9.jpg\" alt=\"\"><\/p>\n<h1>Maria Moreno Pedraza Secretaria<\/h1>\n<div>\n<p>Secretaria y tesorera, Mar\u00eda es activa en rescates, gestiona redes sociales y participa en el m\u00e9todo CES. Tambi\u00e9n es casa de acogida y organiza actividades de recaudaci\u00f3n de fondos.<\/p>\n<\/div>\n<h1>Nuestro Compromiso<\/h1>\n<div>\n<p>        <img decoding=\"async\" src=\"\/wp-content\/uploads\/2024\/10\/stethoscope-tool.png\" alt=\"\"><\/p>\n<h3>CES<\/h3>\n<div>\n<p>Controlar la poblaci\u00f3n de gatos callejeros mediante el m\u00e9todo CES (Captura, Esterilizaci\u00f3n y Suelta).<\/p>\n<\/div>\n<\/div>\n<div>\n<p>        <img decoding=\"async\" src=\"\/wp-content\/uploads\/2024\/10\/list.png\" alt=\"\"><\/p>\n<h3>Colaboraci\u00f3n<\/h3>\n<div>\n<p>Colaborar activamente con las administraciones para mejorar las pol\u00edticas de bienestar animal en la ciudad.<\/p>\n<\/div>\n<\/div>\n<div>\n<p>        <img decoding=\"async\" src=\"\/wp-content\/uploads\/2024\/10\/pulse.png\" alt=\"\"><\/p>\n<h3>Atenci\u00f3n Veterinaria<\/h3>\n<div>\n<p>Proveer atenci\u00f3n veterinaria a los animales rescatados de la calle y asegurar que tengan una vida saludable.<\/p>\n<\/div>\n<\/div>\n<div>\n<p>        <img decoding=\"async\" src=\"\/wp-content\/uploads\/2024\/10\/team.png\" alt=\"\"><\/p>\n<h3>Concienciaci\u00f3n<\/h3>\n<div>\n<p>Concienciar a la comunidad sobre la importancia del respeto y cuidado hacia los animales.<\/p>\n<\/div>\n<\/div>\n<div>\n<p>        <img decoding=\"async\" src=\"\/wp-content\/uploads\/2024\/10\/like.png\" alt=\"\"><\/p>\n<h3>Adopci\u00f3n<\/h3>\n<div>\n<p>Buscar hogares para el mayor n\u00famero de gatos posible, garantizando adopciones responsables.<\/p>\n<\/div>\n<\/div>\n<p><!--more--><br \/>\n<!-- {\"type\":\"layout\",\"children\":[{\"type\":\"section\",\"props\":{\"image\":\"wp-content\\\/uploads\\\/2024\\\/10\\\/animal-1.png\",\"image_position\":\"center-right\",\"padding\":\"small\",\"padding_remove_bottom\":false,\"padding_remove_top\":false,\"style\":\"muted\",\"title_breakpoint\":\"xl\",\"title_position\":\"top-left\",\"title_rotation\":\"left\",\"vertical_align\":\"middle\",\"width\":\"default\"},\"children\":[{\"type\":\"row\",\"props\":{\"layout\":\"1-2,1-2\"},\"children\":[{\"type\":\"column\",\"props\":{\"image_position\":\"center-center\",\"position_sticky_breakpoint\":\"m\",\"width_medium\":\"1-2\"},\"children\":[{\"type\":\"headline\",\"props\":{\"content\":\"Damos segundas oportunidades a los gatos callejeros.\",\"maxwidth\":\"xlarge\",\"text_align_fallback\":\"center\",\"title_color\":\"primary\",\"title_element\":\"h1\",\"title_style\":\"h1\"}}]},{\"type\":\"column\",\"props\":{\"image_position\":\"center-center\",\"position_sticky_breakpoint\":\"m\",\"text_color\":\"dark\",\"vertical_align\":\"middle\",\"width_medium\":\"1-2\"},\"children\":[{\"name\":\"Social Icon Width\",\"type\":\"social\",\"children\":[{\"type\":\"social_item\",\"props\":{\"link\":\"https:\\\/\\\/www.facebook.com\\\/people\\\/Happy-Pets-Melilla\\\/100088403630524\\\/\"}},{\"type\":\"social_item\",\"props\":{\"link\":\"https:\\\/\\\/www.instagram.com\\\/happypets_melilla\\\/\"}},{\"type\":\"social_item\",\"props\":{\"link\":\"https:\\\/\\\/www.tiktok.com\\\/@mavikoluhappypetsmelilla\"}},{\"type\":\"social_item\",\"props\":{\"link\":\"#\"}}],\"props\":{\"blend\":false,\"grid\":\"horizontal\",\"grid_column_gap\":\"medium\",\"grid_gap\":\"small\",\"grid_row_gap\":\"medium\",\"icon_width\":\"30\",\"image_height\":\"30\",\"image_svg_inline\":true,\"image_width\":\"30\",\"link_style\":\"\",\"link_target\":true,\"margin\":\"default\",\"margin_remove_bottom\":false,\"text_align\":\"center\",\"text_align_breakpoint\":\"s\"}}]}]}]},{\"type\":\"section\",\"props\":{\"animation\":\"scale-down\",\"image_position\":\"center-center\",\"padding_remove_top\":false,\"style\":\"default\",\"title_breakpoint\":\"xl\",\"title_position\":\"top-left\",\"title_rotation\":\"left\",\"vertical_align\":\"middle\",\"width\":\"default\"},\"children\":[{\"type\":\"row\",\"children\":[{\"type\":\"column\",\"props\":{\"image_position\":\"center-center\",\"position_sticky_breakpoint\":\"m\"},\"children\":[{\"name\":\"Panel Content Columns Image Right\",\"type\":\"panel\",\"props\":{\"content\":\"\n\n<p>Happy Pets Melilla naci\\u00f3 el 17 de febrero de 2023, como respuesta a la necesidad urgente de dar voz a los gatos callejeros de nuestra ciudad. El proyecto surgi\\u00f3 de un grupo de compa\\u00f1eras que, tras gestionar diversas colonias de gatos en la ciudad, decidimos crear un grupo de WhatsApp en diciembre de 2022 para ayudarnos mutuamente en los rescates y en la b\\u00fasqueda de adopciones. Con el tiempo, vimos la importancia de dar un paso m\\u00e1s para poder tener un mayor impacto en los medios y con las administraciones locales, lo que dio origen a esta maravillosa asociaci\\u00f3n.<\\\/p>\",\"content_align\":false,\"content_column\":\"1-2\",\"content_column_breakpoint\":\"s\",\"content_column_divider\":true,\"content_dropcap\":true,\"content_style\":\"text-large\",\"icon_width\":80,\"image\":\"wp-content\\\/uploads\\\/2024\\\/09\\\/720_3bkvhoq5gx.jpeg\",\"image_align\":\"right\",\"image_box_decoration\":\"mask\",\"image_box_decoration_inverse\":false,\"image_grid_breakpoint\":\"m\",\"image_grid_width\":\"2-5\",\"image_loading\":false,\"image_svg_color\":\"emphasis\",\"image_vertical_align\":true,\"image_width\":\"900\",\"link_margin\":\"medium\",\"link_style\":\"secondary\",\"link_text\":\"Read more\",\"margin\":\"default\",\"meta\":\"Qui\\u00e9nes Somos\",\"meta_align\":\"above-title\",\"meta_color\":\"primary\",\"meta_element\":\"div\",\"meta_margin\":\"medium\",\"meta_style\":\"h4\",\"panel_image_no_padding\":true,\"text_align\":\"center\",\"text_align_breakpoint\":\"s\",\"title\":\"Historia de Happy Pets Melilla\",\"title_align\":\"top\",\"title_color\":\"secondary\",\"title_element\":\"h3\",\"title_grid_breakpoint\":\"m\",\"title_grid_width\":\"1-2\",\"title_hover_style\":\"reset\",\"title_style\":\"h1\"}}]}]}]},{\"type\":\"section\",\"props\":{\"animation\":\"scale-down\",\"image_position\":\"center-center\",\"padding_remove_top\":false,\"style\":\"default\",\"title_breakpoint\":\"xl\",\"title_position\":\"top-left\",\"title_rotation\":\"left\",\"vertical_align\":\"middle\",\"width\":\"default\"},\"children\":[{\"type\":\"row\",\"props\":{\"column_gap\":\"large\",\"layout\":\"1-2,1-2\"},\"children\":[{\"type\":\"column\",\"props\":{\"image_position\":\"center-center\",\"position_sticky_breakpoint\":\"m\",\"width_medium\":\"1-2\"},\"children\":[{\"type\":\"video\",\"props\":{\"height_expand\":true,\"margin\":\"default\",\"video\":\"wp-content\\\/uploads\\\/2024\\\/10\\\/Video-de-WhatsApp-2024-10-02-a-las-11.56.52_4af76494.mp4\",\"video_autoplay\":true,\"video_box_decoration\":\"mask\",\"video_box_decoration_inverse\":false,\"video_controls\":true,\"video_height\":\"600\",\"video_lazyload\":true,\"video_loop\":true,\"video_muted\":true,\"video_playsinline\":true,\"video_viewport_height\":false,\"video_width\":\"900\"}}]},{\"type\":\"column\",\"props\":{\"image_position\":\"center-center\",\"position_sticky_breakpoint\":\"m\",\"width_medium\":\"1-2\"},\"children\":[{\"type\":\"panel\",\"props\":{\"content\":\"\n\n<p>En Happy Pets Melilla, nuestra misi\\u00f3n es clara: luchar por los derechos de los gatos callejeros, proporcionarles una vida digna, y asegurar que reciban el cuidado, el amor y la protecci\\u00f3n que merecen. Desde rescatar gatos enfermos o heridos hasta encontrarles un hogar definitivo, trabajamos incansablemente para mejorar sus vidas y reducir el abandono y maltrato animal en nuestra comunidad.<\\\/p>\",\"content_align\":false,\"content_column_breakpoint\":\"m\",\"content_dropcap\":true,\"content_style\":\"text-large\",\"icon_width\":80,\"image\":\"\",\"image_align\":\"top\",\"image_grid_breakpoint\":\"m\",\"image_grid_width\":\"1-2\",\"image_svg_color\":\"emphasis\",\"image_width\":100,\"link_style\":\"default\",\"link_text\":\"Read more\",\"margin\":\"default\",\"meta_align\":\"below-title\",\"meta_element\":\"div\",\"meta_style\":\"text-meta\",\"title\":\"Nuestra Misi\\u00f3n\",\"title_align\":\"top\",\"title_color\":\"secondary\",\"title_element\":\"h3\",\"title_grid_breakpoint\":\"m\",\"title_grid_width\":\"1-2\",\"title_hover_style\":\"reset\",\"title_style\":\"h1\"}},{\"name\":\"Button Style Default\",\"type\":\"button\",\"children\":[{\"type\":\"button_item\",\"props\":{\"button_style\":\"primary\",\"content\":\"Colaborar\",\"icon\":\"heart\",\"icon_align\":\"left\",\"link\":\"index.php?page_id=20\"}}],\"props\":{\"button_size\":\"large\",\"grid_column_gap\":\"small\",\"grid_row_gap\":\"small\",\"margin\":\"medium\",\"margin_remove_top\":false}}]}]}]},{\"type\":\"section\",\"props\":{\"animation\":\"scale-down\",\"image_position\":\"center-center\",\"style\":\"default\",\"title_breakpoint\":\"xl\",\"title_position\":\"top-left\",\"title_rotation\":\"left\",\"vertical_align\":\"middle\",\"width\":\"default\"},\"children\":[{\"type\":\"row\",\"children\":[{\"type\":\"column\",\"props\":{\"image_position\":\"center-center\",\"position_sticky_breakpoint\":\"m\"},\"children\":[{\"type\":\"panel\",\"props\":{\"content\":\"\n\n<p>Happy Pets Melilla es mucho m\\u00e1s que una organizaci\\u00f3n. Somos un equipo apasionado y comprometido que cree en la segunda oportunidad para cada gato que rescatamos. Nuestra presidenta, <strong>Mavi<\\\/strong>, lidera con dedicaci\\u00f3n tanto la parte administrativa como los rescates, siendo tambi\\u00e9n activa en las redes sociales para conseguir apoyo econ\\u00f3mico.<\\\/p>\\n\n\n<p>Mar\\u00eda, nuestra secretaria y tesorera, complementa este esfuerzo con su amor por los animales y su implicaci\\u00f3n en el m\\u00e9todo CES, siendo clave en la organizaci\\u00f3n de eventos y actividades para recaudar fondos. Adem\\u00e1s de ellas, contamos con un equipo de voluntarios comprometidos, que incluyen a personas como <strong>Sara<\\\/strong>, <strong>Arancha<\\\/strong>,<strong> Lidia<\\\/strong>, <strong>Irene<\\\/strong>, <strong>Mimunt<\\\/strong>, <strong>Sherezade<\\\/strong> y <strong>Elena<\\\/strong>. Quienes no solo rescatan y cuidan de los gatos, sino que tambi\\u00e9n colaboran en el cuidado de colonias y como casas de acogida.<\\\/p>\",\"content_align\":false,\"content_column\":\"1-2\",\"content_column_breakpoint\":\"m\",\"content_column_divider\":true,\"content_dropcap\":true,\"content_style\":\"text-large\",\"icon_width\":80,\"image_align\":\"top\",\"image_grid_breakpoint\":\"m\",\"image_grid_width\":\"1-2\",\"image_svg_color\":\"emphasis\",\"link_style\":\"default\",\"link_text\":\"Read more\",\"margin\":\"default\",\"meta_align\":\"below-title\",\"meta_element\":\"div\",\"meta_style\":\"text-meta\",\"title\":\"El Equipo Detr\\u00e1s de la Asociaci\\u00f3n\",\"title_align\":\"top\",\"title_color\":\"secondary\",\"title_element\":\"h3\",\"title_grid_breakpoint\":\"m\",\"title_grid_width\":\"1-2\",\"title_hover_style\":\"reset\",\"title_style\":\"h1\"}}]}]}]},{\"type\":\"section\",\"props\":{\"animation\":\"scale-down\",\"image_position\":\"center-center\",\"style\":\"default\",\"title_breakpoint\":\"xl\",\"title_position\":\"top-left\",\"title_rotation\":\"left\",\"vertical_align\":\"middle\",\"width\":\"default\"},\"children\":[{\"type\":\"row\",\"children\":[{\"type\":\"column\",\"props\":{\"image_position\":\"center-center\",\"position_sticky_breakpoint\":\"m\"},\"children\":[{\"type\":\"headline\",\"props\":{\"content\":\"Miembr@s de la Asociaci\\u00f3n\",\"margin_remove_top\":false,\"text_align\":\"center\",\"title_color\":\"secondary\",\"title_element\":\"h1\",\"title_style\":\"h1\"}}]}]},{\"type\":\"row\",\"props\":{\"alignment\":\"center\",\"column_gap\":\"small\",\"divider\":false,\"layout\":\"1-2,1-2\",\"parallax\":false},\"children\":[{\"type\":\"column\",\"props\":{\"image_position\":\"center-center\",\"position_sticky_breakpoint\":\"m\",\"width_medium\":\"1-2\"},\"children\":[{\"name\":\"Image Border Circle\",\"type\":\"image\",\"props\":{\"image\":\"wp-content\\\/uploads\\\/2024\\\/10\\\/Imagen-de-WhatsApp-2024-10-01-a-las-12.14.04_0c25b78a.jpg\",\"image_border\":\"circle\",\"image_height\":\"400\",\"image_svg_color\":\"emphasis\",\"image_width\":\"400\",\"margin\":\"\",\"margin_remove_top\":false,\"text_align\":\"center\"}},{\"type\":\"headline\",\"props\":{\"content\":\"Mavi Presidenta y Fundadora\",\"text_align\":\"center\",\"title_color\":\"primary\",\"title_element\":\"h1\",\"title_style\":\"h2\"}},{\"type\":\"text\",\"props\":{\"block_align\":\"center\",\"column_breakpoint\":\"m\",\"content\":\"\n\n<p>Presidenta y fundadora, Mavi gestiona la parte administrativa, coordina rescates y usa redes sociales para recaudar fondos. Adem\\u00e1s, es casa de acogida para gatos en necesidad.<\\\/p>\",\"dropcap\":true,\"margin\":\"default\",\"maxwidth\":\"large\",\"text_align\":\"center\",\"text_style\":\"large\"}}]},{\"type\":\"column\",\"props\":{\"image_position\":\"center-center\",\"position_sticky_breakpoint\":\"m\",\"width_medium\":\"1-2\"},\"children\":[{\"name\":\"Image Border Circle\",\"type\":\"image\",\"props\":{\"image\":\"wp-content\\\/uploads\\\/2024\\\/10\\\/Imagen-de-WhatsApp-2024-10-01-a-las-12.40.52_c9a7a2d9.jpg\",\"image_border\":\"circle\",\"image_height\":\"400\",\"image_svg_color\":\"emphasis\",\"image_width\":\"400\",\"margin\":\"\",\"text_align\":\"center\"}},{\"type\":\"headline\",\"props\":{\"content\":\"Maria Moreno Pedraza Secretaria\",\"text_align\":\"center\",\"title_color\":\"primary\",\"title_element\":\"h1\",\"title_style\":\"h2\"}},{\"type\":\"text\",\"props\":{\"block_align\":\"center\",\"column_breakpoint\":\"m\",\"content\":\"\n\n<p>Secretaria y tesorera, Mar\\u00eda es activa en rescates, gestiona redes sociales y participa en el m\\u00e9todo CES. Tambi\\u00e9n es casa de acogida y organiza actividades de recaudaci\\u00f3n de fondos.<\\\/p>\",\"dropcap\":true,\"margin\":\"default\",\"maxwidth\":\"large\",\"text_align\":\"center\",\"text_style\":\"large\"}}]}]}]},{\"type\":\"section\",\"props\":{\"animation\":\"scale-down\",\"image_position\":\"center-center\",\"style\":\"default\",\"title_breakpoint\":\"xl\",\"title_position\":\"top-left\",\"title_rotation\":\"left\",\"vertical_align\":\"middle\",\"width\":\"default\"},\"children\":[{\"type\":\"row\",\"children\":[{\"type\":\"column\",\"props\":{\"image_position\":\"center-center\",\"position_sticky_breakpoint\":\"m\"},\"children\":[{\"type\":\"headline\",\"props\":{\"content\":\"Nuestro Compromiso\",\"title_color\":\"secondary\",\"title_element\":\"h1\",\"title_style\":\"h1\"}}]}]},{\"type\":\"row\",\"props\":{\"layout\":\"1-3,1-3,1-3\"},\"children\":[{\"type\":\"column\",\"props\":{\"image_position\":\"center-center\",\"position_sticky_breakpoint\":\"m\",\"width_medium\":\"1-3\"},\"children\":[{\"name\":\"Panel Style Card Default\",\"type\":\"panel\",\"props\":{\"block_align\":\"center\",\"content\":\"\n\n<p>Controlar la poblaci\\u00f3n de gatos callejeros mediante el m\\u00e9todo CES (Captura, Esterilizaci\\u00f3n y Suelta).<\\\/p>\",\"content_column_breakpoint\":\"m\",\"content_margin\":\"small\",\"content_style\":\"text-large\",\"icon_width\":80,\"image\":\"wp-content\\\/uploads\\\/2024\\\/10\\\/stethoscope-tool.png\",\"image_align\":\"top\",\"image_grid_breakpoint\":\"m\",\"image_grid_width\":\"1-2\",\"image_height\":\"50\",\"image_svg_color\":\"primary\",\"image_svg_inline\":true,\"image_width\":\"50\",\"link_style\":\"default\",\"link_text\":\"Read more\",\"margin\":\"default\",\"meta\":\"\",\"meta_align\":\"above-title\",\"meta_element\":\"div\",\"meta_style\":\"text-meta\",\"panel_card_image\":false,\"panel_padding\":\"default\",\"panel_style\":\"card-primary\",\"title\":\"CES\",\"title_align\":\"top\",\"title_element\":\"h3\",\"title_grid_breakpoint\":\"m\",\"title_grid_width\":\"1-2\",\"title_hover_style\":\"reset\"}},{\"name\":\"Panel Style Card Default\",\"type\":\"panel\",\"props\":{\"block_align\":\"center\",\"content\":\"\n\n<p>Colaborar activamente con las administraciones para mejorar las pol\\u00edticas de bienestar animal en la ciudad.<\\\/p>\",\"content_column_breakpoint\":\"m\",\"content_margin\":\"small\",\"content_style\":\"text-large\",\"icon_width\":80,\"image\":\"wp-content\\\/uploads\\\/2024\\\/10\\\/list.png\",\"image_align\":\"top\",\"image_grid_breakpoint\":\"m\",\"image_grid_width\":\"1-2\",\"image_height\":\"50\",\"image_svg_color\":\"primary\",\"image_svg_inline\":true,\"image_width\":\"50\",\"link_style\":\"default\",\"link_text\":\"Read more\",\"margin\":\"default\",\"meta\":\"\",\"meta_align\":\"above-title\",\"meta_element\":\"div\",\"meta_style\":\"text-meta\",\"panel_card_image\":false,\"panel_padding\":\"default\",\"panel_style\":\"card-default\",\"title\":\"Colaboraci\\u00f3n\",\"title_align\":\"top\",\"title_element\":\"h3\",\"title_grid_breakpoint\":\"m\",\"title_grid_width\":\"1-2\",\"title_hover_style\":\"reset\"}}]},{\"type\":\"column\",\"props\":{\"image_position\":\"center-center\",\"position_sticky_breakpoint\":\"m\",\"width_medium\":\"1-3\"},\"children\":[{\"name\":\"Panel Style Card Default\",\"type\":\"panel\",\"props\":{\"block_align\":\"center\",\"content\":\"\n\n<p>Proveer atenci\\u00f3n veterinaria a los animales rescatados de la calle y asegurar que tengan una vida saludable.<\\\/p>\",\"content_column_breakpoint\":\"m\",\"content_margin\":\"small\",\"content_style\":\"text-large\",\"icon_width\":80,\"image\":\"wp-content\\\/uploads\\\/2024\\\/10\\\/pulse.png\",\"image_align\":\"top\",\"image_grid_breakpoint\":\"m\",\"image_grid_width\":\"1-2\",\"image_height\":\"50\",\"image_svg_color\":\"primary\",\"image_svg_inline\":true,\"image_width\":\"50\",\"link_style\":\"default\",\"link_text\":\"Read more\",\"margin\":\"default\",\"meta\":\"\",\"meta_align\":\"above-title\",\"meta_element\":\"div\",\"meta_style\":\"text-meta\",\"panel_card_image\":false,\"panel_padding\":\"default\",\"panel_style\":\"card-default\",\"title\":\"Atenci\\u00f3n Veterinaria\",\"title_align\":\"top\",\"title_element\":\"h3\",\"title_grid_breakpoint\":\"m\",\"title_grid_width\":\"1-2\",\"title_hover_style\":\"reset\"}},{\"name\":\"Panel Style Card Default\",\"type\":\"panel\",\"props\":{\"block_align\":\"center\",\"content\":\"\n\n<p>Concienciar a la comunidad sobre la importancia del respeto y cuidado hacia los animales.<\\\/p>\",\"content_column_breakpoint\":\"m\",\"content_margin\":\"small\",\"content_style\":\"text-large\",\"height_expand\":false,\"icon_width\":80,\"image\":\"wp-content\\\/uploads\\\/2024\\\/10\\\/team.png\",\"image_align\":\"top\",\"image_grid_breakpoint\":\"m\",\"image_grid_width\":\"1-2\",\"image_height\":\"50\",\"image_svg_color\":\"primary\",\"image_svg_inline\":true,\"image_width\":\"50\",\"link_style\":\"default\",\"link_text\":\"Read more\",\"margin\":\"default\",\"meta\":\"\",\"meta_align\":\"above-title\",\"meta_element\":\"div\",\"meta_style\":\"text-meta\",\"panel_card_image\":false,\"panel_image_no_padding\":false,\"panel_padding\":\"default\",\"panel_style\":\"card-primary\",\"title\":\"Concienciaci\\u00f3n\",\"title_align\":\"top\",\"title_element\":\"h3\",\"title_grid_breakpoint\":\"m\",\"title_grid_width\":\"1-2\",\"title_hover_style\":\"reset\"}}]},{\"type\":\"column\",\"props\":{\"image_position\":\"center-center\",\"position_sticky_breakpoint\":\"m\",\"width_medium\":\"1-3\"},\"children\":[{\"name\":\"Panel Style Card Default\",\"type\":\"panel\",\"props\":{\"block_align\":\"center\",\"content\":\"\n\n<p>Buscar hogares para el mayor n\\u00famero de gatos posible, garantizando adopciones responsables.<\\\/p>\",\"content_align\":false,\"content_column_breakpoint\":\"m\",\"content_margin\":\"small\",\"content_style\":\"text-large\",\"icon_width\":80,\"image\":\"wp-content\\\/uploads\\\/2024\\\/10\\\/like.png\",\"image_align\":\"top\",\"image_grid_breakpoint\":\"m\",\"image_grid_width\":\"1-2\",\"image_height\":\"50\",\"image_svg_color\":\"primary\",\"image_svg_inline\":true,\"image_width\":\"50\",\"link_style\":\"default\",\"link_text\":\"Read more\",\"margin\":\"default\",\"meta\":\"\",\"meta_align\":\"above-title\",\"meta_element\":\"div\",\"meta_style\":\"text-meta\",\"panel_card_image\":false,\"panel_padding\":\"default\",\"panel_style\":\"card-primary\",\"title\":\"Adopci\\u00f3n\",\"title_align\":\"top\",\"title_element\":\"h3\",\"title_grid_breakpoint\":\"m\",\"title_grid_width\":\"1-2\",\"title_hover_style\":\"reset\"}}]}]}]}],\"version\":\"4.4.5\"} --><\/p>\n","protected":false},"excerpt":{"rendered":"<p>Damos segundas oportunidades a los gatos callejeros. facebook instagram tiktok social Historia de Happy Pets Melilla Qui\u00e9nes Somos Happy Pets Melilla naci\u00f3 el 17 de febrero de 2023, como respuesta a la necesidad urgente de dar voz a los gatos callejeros de nuestra ciudad. El proyecto surgi\u00f3 de un grupo de compa\u00f1eras que, tras gestionar [&hellip;]<\/p>\n","protected":false},"author":1,"featured_media":0,"parent":0,"menu_order":5,"comment_status":"open","ping_status":"open","template":"","meta":{"_acf_changed":false,"footnotes":""},"class_list":["post-2","page","type-page","status-publish","hentry"],"acf":[],"_links":{"self":[{"href":"https:\/\/happypetsml.es\/index.php?rest_route=\/wp\/v2\/pages\/2","targetHints":{"allow":["GET"]}}],"collection":[{"href":"https:\/\/happypetsml.es\/index.php?rest_route=\/wp\/v2\/pages"}],"about":[{"href":"https:\/\/happypetsml.es\/index.php?rest_route=\/wp\/v2\/types\/page"}],"author":[{"embeddable":true,"href":"https:\/\/happypetsml.es\/index.php?rest_route=\/wp\/v2\/users\/1"}],"replies":[{"embeddable":true,"href":"https:\/\/happypetsml.es\/index.php?rest_route=%2Fwp%2Fv2%2Fcomments&post=2"}],"version-history":[{"count":77,"href":"https:\/\/happypetsml.es\/index.php?rest_route=\/wp\/v2\/pages\/2\/revisions"}],"predecessor-version":[{"id":1998,"href":"https:\/\/happypetsml.es\/index.php?rest_route=\/wp\/v2\/pages\/2\/revisions\/1998"}],"wp:attachment":[{"href":"https:\/\/happypetsml.es\/index.php?rest_route=%2Fwp%2Fv2%2Fmedia&parent=2"}],"curies":[{"name":"wp","href":"https:\/\/api.w.org\/{rel}","templated":true}]}}