{"id":4,"date":"2019-09-10T12:09:16","date_gmt":"2019-09-10T12:09:16","guid":{"rendered":"http:\/\/localhost\/happy%20pets2\/?p=4"},"modified":"2025-08-17T19:35:27","modified_gmt":"2025-08-17T19:35:27","slug":"gallery","status":"publish","type":"page","link":"https:\/\/happypetsml.es\/?page_id=4","title":{"rendered":"Gatos en Adopci\u00f3n"},"content":{"rendered":"<h1>Encuentra a tu Compa\u00f1ero de Vida<\/h1>\n<div>\n<p>Cada uno de estos gatos ha pasado por situaciones dif\u00edciles, pero a\u00fan tienen amor y esperanza que ofrecer. Al adoptar, no solo les das un hogar, les das una nueva oportunidad de ser felices. Estos peque\u00f1os compa\u00f1eros est\u00e1n llenos de cari\u00f1o, y necesitan de alguien como t\u00fa para llenar su vida de calidez y protecci\u00f3n. Dale a uno de ellos la oportunidad de conocer el amor y el cuidado que tanto merecen. \u00a1Haz la diferencia en su vida hoy!<\/p>\n<\/div>\n<p>\n    <a href=\"\/index.php?page_id=1644\">Formulario de adopci\u00f3n<\/a>\n<\/p>\n<ul>\n<li>\n<p><img decoding=\"async\" src=\"\/wp-content\/uploads\/2024\/11\/1e9ddff3-aa49-4457-848a-edeb443a91f1.jpg\" alt=\"\"><\/p>\n<h3>Vaquita<\/h3>\n<p>Hembra, 4 meses<\/p>\n<div>\n<p>Vaquita es una gatita amorosa y tranquila. Con su pelaje blanco y negro, se roba todas las miradas. Le encanta dormir en los lugares m\u00e1s ins\u00f3litos y siempre busca el calor humano.<\/p>\n<\/div>\n<p><a href=\"#\"><\/a><\/p>\n<\/li>\n<li>\n<p><img decoding=\"async\" src=\"\/wp-content\/uploads\/2024\/10\/Imagen-de-WhatsApp-2024-10-01-a-las-11.22.53_c371adff-1.jpg\" alt=\"\"><\/p>\n<h3>Noche<\/h3>\n<p>Macho, 3 meses<\/p>\n<div>\n<p>Noche es un peque\u00f1o travieso con un pelaje oscuro como la noche. Siempre est\u00e1 corriendo y saltando, lleno de vida y amor por la aventura. Busca un hogar donde pueda gastar toda su energ\u00eda.<\/p>\n<\/div>\n<p><a href=\"#\"><\/a><\/p>\n<\/li>\n<li>\n<p><img decoding=\"async\" src=\"\/wp-content\/uploads\/2024\/10\/Imagen-de-WhatsApp-2024-10-01-a-las-11.22.53_4c5c388b-1.jpg\" alt=\"\"><\/p>\n<h3>Shuri<\/h3>\n<p>Hembra, 5 meses<\/p>\n<div>\n<p>Shuri es una peque\u00f1a curiosa y observadora. Le encanta trepar y explorar los rincones m\u00e1s altos de la casa. Es independiente, pero siempre busca el cari\u00f1o de su familia.<\/p>\n<\/div>\n<p><a href=\"#\"><\/a><\/p>\n<\/li>\n<li>\n<p><img decoding=\"async\" src=\"\/wp-content\/uploads\/2024\/10\/Imagen-de-WhatsApp-2024-10-01-a-las-12.12.48_94d6bdbe.jpg\" alt=\"\"><\/p>\n<h3>Michaela<\/h3>\n<p>Hembra, 1 a\u00f1o<\/p>\n<div>\n<p>Michaela es una gata elegante y calmada. Le encanta pasar tiempo cerca de su familia, siempre observando y disfrutando de la tranquilidad. Es perfecta para un hogar donde busquen serenidad y cari\u00f1o.<\/p>\n<\/div>\n<p><a href=\"#\"><\/a><\/p>\n<\/li>\n<li>\n<p><img decoding=\"async\" src=\"\/wp-content\/uploads\/2024\/10\/Imagen-de-WhatsApp-2024-10-01-a-las-12.12.48_e23eae03.jpg\" alt=\"\"><\/p>\n<h3>Manilla<\/h3>\n<p>Hembra, 1 a\u00f1o<\/p>\n<div>\n<p>Manilla es una gata llena de personalidad. Es juguetona pero sabe cu\u00e1ndo relajarse. Siempre est\u00e1 buscando nuevas formas de entretenerse y ser\u00e1 una compa\u00f1era muy leal.<\/p>\n<\/div>\n<p><a href=\"#\"><\/a><\/p>\n<\/li>\n<li>\n<p><img decoding=\"async\" src=\"\/wp-content\/uploads\/2025\/08\/WhatsApp-Image-2025-08-06-at-11.02.39.jpeg\" alt=\"\"><\/p>\n<h3>KINA<\/h3>\n<p>HEMBRA, 4 MESES<\/p>\n<\/li>\n<\/ul>\n<p><!--more--><br \/>\n<!-- {\"type\":\"layout\",\"children\":[{\"type\":\"section\",\"props\":{\"animation\":\"scale-down\",\"header_transparent\":false,\"image\":\"wp-content\\\/uploads\\\/2024\\\/10\\\/150887569_10454317.png\",\"image_position\":\"center-center\",\"image_size\":\"cover\",\"padding\":\"small\",\"padding_remove_bottom\":false,\"padding_remove_top\":false,\"style\":\"muted\",\"title_breakpoint\":\"xl\",\"title_position\":\"top-left\",\"title_rotation\":\"left\",\"vertical_align\":\"\",\"width\":\"default\"},\"children\":[{\"type\":\"row\",\"children\":[{\"type\":\"column\",\"props\":{\"image_position\":\"center-center\",\"position_sticky_breakpoint\":\"m\",\"vertical_align\":\"middle\",\"width_medium\":\"3-5\"},\"children\":[{\"type\":\"headline\",\"props\":{\"content\":\"Encuentra a tu Compa\\u00f1ero de Vida\",\"maxwidth_breakpoint\":\"s\",\"text_align\":\"left\",\"text_align_breakpoint\":\"s\",\"title_color\":\"primary\",\"title_element\":\"h1\",\"title_style\":\"h1\"}},{\"type\":\"text\",\"props\":{\"column_breakpoint\":\"m\",\"content\":\"\n\n<p>Cada uno de estos gatos ha pasado por situaciones dif\\u00edciles, pero a\\u00fan tienen amor y esperanza que ofrecer. Al adoptar, no solo les das un hogar, les das una nueva oportunidad de ser felices. Estos peque\\u00f1os compa\\u00f1eros est\\u00e1n llenos de cari\\u00f1o, y necesitan de alguien como t\\u00fa para llenar su vida de calidez y protecci\\u00f3n. Dale a uno de ellos la oportunidad de conocer el amor y el cuidado que tanto merecen. \\u00a1Haz la diferencia en su vida hoy!<\\\/p>\",\"dropcap\":true,\"margin\":\"default\",\"text_align\":\"left\",\"text_align_breakpoint\":\"s\",\"text_style\":\"large\"}},{\"name\":\"Button Style Default\",\"type\":\"button\",\"children\":[{\"type\":\"button_item\",\"props\":{\"button_style\":\"primary\",\"content\":\"Formulario de adopci\\u00f3n\",\"icon\":\"\",\"icon_align\":\"left\",\"link\":\"index.php?page_id=1644\"}}],\"props\":{\"button_size\":\"large\",\"grid_column_gap\":\"small\",\"grid_row_gap\":\"small\",\"margin\":\"medium\",\"margin_remove_top\":false,\"text_align\":\"left\",\"text_align_breakpoint\":\"s\"}}]},{\"type\":\"column\",\"props\":{\"image_position\":\"center-center\",\"position_sticky_breakpoint\":\"m\",\"vertical_align\":\"middle\",\"width_medium\":\"2-5\"}}],\"props\":{\"column_gap\":\"large\",\"layout\":\"3-5,2-5\"}}],\"name\":\"Hero\",\"modified\":\"2021-11-22T12:10:16.688Z\"},{\"type\":\"section\",\"props\":{\"animation\":\"scale-down\",\"image_position\":\"center-center\",\"padding_remove_bottom\":false,\"padding_remove_top\":false,\"style\":\"default\",\"title_breakpoint\":\"xl\",\"title_position\":\"top-left\",\"title_rotation\":\"left\",\"vertical_align\":\"\",\"width\":\"default\"},\"children\":[{\"type\":\"row\",\"props\":{\"margin\":\"xlarge\",\"margin_remove_top\":true,\"width\":\"large\"},\"children\":[{\"type\":\"column\",\"props\":{\"image_position\":\"center-center\",\"position_sticky_breakpoint\":\"m\"},\"children\":[{\"type\":\"grid\",\"props\":{\"content_align\":false,\"content_column_breakpoint\":\"m\",\"content_style\":\"text-large\",\"filter_align\":\"left\",\"filter_all\":true,\"filter_grid_breakpoint\":\"m\",\"filter_grid_width\":\"auto\",\"filter_position\":\"top\",\"filter_style\":\"tab\",\"grid_column_gap\":\"large\",\"grid_default\":\"1\",\"grid_medium\":\"2\",\"grid_row_gap\":\"large\",\"icon_width\":80,\"image_align\":\"left\",\"image_box_decoration\":\"primary\",\"image_box_decoration_inverse\":false,\"image_grid_breakpoint\":\"s\",\"image_grid_width\":\"1-2\",\"image_height\":\"460\",\"image_link\":false,\"image_svg_color\":\"emphasis\",\"image_vertical_align\":true,\"image_width\":\"610\",\"item_animation\":true,\"link_style\":\"default\",\"link_text\":\"\",\"margin\":\"medium\",\"meta_align\":\"below-title\",\"meta_element\":\"div\",\"meta_style\":\"text-meta\",\"panel_image_no_padding\":false,\"panel_link\":true,\"parallax_easing\":\"1\",\"show_content\":true,\"show_image\":true,\"show_link\":false,\"show_meta\":true,\"show_title\":true,\"title_align\":\"top\",\"title_color\":\"primary\",\"title_element\":\"h3\",\"title_grid_breakpoint\":\"m\",\"title_grid_width\":\"1-2\",\"title_hover_style\":\"reset\",\"title_link\":false,\"title_style\":\"h3\"},\"children\":[{\"type\":\"grid_item\",\"props\":{\"content\":\"\n\n<p>Vaquita es una gatita amorosa y tranquila. Con su pelaje blanco y negro, se roba todas las miradas. Le encanta dormir en los lugares m\\u00e1s ins\\u00f3litos y siempre busca el calor humano.<\\\/p>\",\"image\":\"wp-content\\\/uploads\\\/2024\\\/11\\\/1e9ddff3-aa49-4457-848a-edeb443a91f1.jpg\",\"item_element\":\"article\",\"link\":\"#\",\"meta\":\"Hembra, 4 meses\",\"title\":\"Vaquita\"}},{\"type\":\"grid_item\",\"props\":{\"content\":\"\n\n<p>Noche es un peque\\u00f1o travieso con un pelaje oscuro como la noche. Siempre est\\u00e1 corriendo y saltando, lleno de vida y amor por la aventura. Busca un hogar donde pueda gastar toda su energ\\u00eda.<\\\/p>\",\"image\":\"wp-content\\\/uploads\\\/2024\\\/10\\\/Imagen-de-WhatsApp-2024-10-01-a-las-11.22.53_c371adff-1.jpg\",\"item_element\":\"article\",\"link\":\"#\",\"meta\":\"Macho, 3 meses\",\"title\":\"Noche\"}},{\"type\":\"grid_item\",\"props\":{\"content\":\"\n\n<p>Shuri es una peque\\u00f1a curiosa y observadora. Le encanta trepar y explorar los rincones m\\u00e1s altos de la casa. Es independiente, pero siempre busca el cari\\u00f1o de su familia.<\\\/p>\",\"image\":\"wp-content\\\/uploads\\\/2024\\\/10\\\/Imagen-de-WhatsApp-2024-10-01-a-las-11.22.53_4c5c388b-1.jpg\",\"item_element\":\"article\",\"link\":\"#\",\"meta\":\"Hembra, 5 meses\",\"title\":\"Shuri\"}},{\"type\":\"grid_item\",\"props\":{\"content\":\"\n\n<p>Michaela es una gata elegante y calmada. Le encanta pasar tiempo cerca de su familia, siempre observando y disfrutando de la tranquilidad. Es perfecta para un hogar donde busquen serenidad y cari\\u00f1o.<\\\/p>\",\"image\":\"wp-content\\\/uploads\\\/2024\\\/10\\\/Imagen-de-WhatsApp-2024-10-01-a-las-12.12.48_94d6bdbe.jpg\",\"item_element\":\"article\",\"link\":\"#\",\"meta\":\"Hembra, 1 a\\u00f1o\",\"title\":\"Michaela\"}},{\"type\":\"grid_item\",\"props\":{\"content\":\"\n\n<p>Manilla es una gata llena de personalidad. Es juguetona pero sabe cu\\u00e1ndo relajarse. Siempre est\\u00e1 buscando nuevas formas de entretenerse y ser\\u00e1 una compa\\u00f1era muy leal.<\\\/p>\",\"image\":\"wp-content\\\/uploads\\\/2024\\\/10\\\/Imagen-de-WhatsApp-2024-10-01-a-las-12.12.48_e23eae03.jpg\",\"item_element\":\"article\",\"link\":\"#\",\"meta\":\"Hembra, 1 a\\u00f1o\",\"title\":\"Manilla\"}},{\"type\":\"grid_item\",\"props\":{\"image\":\"wp-content\\\/uploads\\\/2025\\\/08\\\/WhatsApp-Image-2025-08-06-at-11.02.39.jpeg\",\"meta\":\"HEMBRA, 4 MESES\",\"title\":\"KINA\"}}]}]}]}],\"name\":\"Results\"}],\"version\":\"4.4.5\"} --><\/p>\n","protected":false},"excerpt":{"rendered":"<p>Encuentra a tu Compa\u00f1ero de Vida Cada uno de estos gatos ha pasado por situaciones dif\u00edciles, pero a\u00fan tienen amor y esperanza que ofrecer. Al adoptar, no solo les das un hogar, les das una nueva oportunidad de ser felices. Estos peque\u00f1os compa\u00f1eros est\u00e1n llenos de cari\u00f1o, y necesitan de alguien como t\u00fa para llenar [&hellip;]<\/p>\n","protected":false},"author":1,"featured_media":0,"parent":0,"menu_order":7,"comment_status":"open","ping_status":"open","template":"","meta":{"_acf_changed":false,"footnotes":""},"class_list":["post-4","page","type-page","status-publish","hentry"],"acf":[],"_links":{"self":[{"href":"https:\/\/happypetsml.es\/index.php?rest_route=\/wp\/v2\/pages\/4","targetHints":{"allow":["GET"]}}],"collection":[{"href":"https:\/\/happypetsml.es\/index.php?rest_route=\/wp\/v2\/pages"}],"about":[{"href":"https:\/\/happypetsml.es\/index.php?rest_route=\/wp\/v2\/types\/page"}],"author":[{"embeddable":true,"href":"https:\/\/happypetsml.es\/index.php?rest_route=\/wp\/v2\/users\/1"}],"replies":[{"embeddable":true,"href":"https:\/\/happypetsml.es\/index.php?rest_route=%2Fwp%2Fv2%2Fcomments&post=4"}],"version-history":[{"count":47,"href":"https:\/\/happypetsml.es\/index.php?rest_route=\/wp\/v2\/pages\/4\/revisions"}],"predecessor-version":[{"id":2004,"href":"https:\/\/happypetsml.es\/index.php?rest_route=\/wp\/v2\/pages\/4\/revisions\/2004"}],"wp:attachment":[{"href":"https:\/\/happypetsml.es\/index.php?rest_route=%2Fwp%2Fv2%2Fmedia&parent=4"}],"curies":[{"name":"wp","href":"https:\/\/api.w.org\/{rel}","templated":true}]}}