{"id":6,"date":"2019-09-10T12:09:14","date_gmt":"2019-09-10T12:09:14","guid":{"rendered":"http:\/\/localhost\/happy%20pets2\/?p=6"},"modified":"2024-11-04T12:25:07","modified_gmt":"2024-11-04T12:25:07","slug":"contact","status":"publish","type":"page","link":"https:\/\/happypetsml.es\/?page_id=6","title":{"rendered":"Contacto"},"content":{"rendered":"<p><img decoding=\"async\" src=\"\/happy%20pets2\/wp-content\/uploads\/2024\/10\/close-up-adorable-cat-with-white-background-1-scaled.jpg\" alt=\"\"><\/p>\n<h1>Contacto<\/h1>\n<div>Datos de Contacto<\/div>\n<div><a href=\"mailto:happypetsmelilla@gmail.com\"><a rel=\"noopener\"><span>happypetsmelilla<\/span><span>@gmail<\/span><span>.com<\/span><\/a><\/a><\/div>\n<div><a href=\"tel:+34 686 699 753\">686 699 753 \/ 637 342 242<\/a><\/div>\n<div>Direcci\u00f3n<\/div>\n<div>52001 Melilla, Espa\u00f1a<\/div>\n<p>\n    <a href=\"https:\/\/goo.gl\/maps\/PFQjQ1mJr5cUE6Tv8\">Abrir en el Mapa<\/a>\n<\/p>\n<div>\n<p>35.2823,-2.9406<\/p>\n<div>Melilla<\/div>\n<\/div>\n<div>Redes Sociales<\/div>\n<ul>\n<li><a href=\"https:\/\/www.tiktok.com\/@mavikoluhappypetsmelilla\">tiktok<\/a>\n<\/li>\n<li><a href=\"https:\/\/www.facebook.com\/people\/Happy-Pets-Melilla\/100088403630524\/\">facebook<\/a>\n<\/li>\n<li><a href=\"https:\/\/www.instagram.com\/happypets_melilla\/\">instagram<\/a>\n<\/li>\n<li><a href=\"\">social<\/a>\n<\/li>\n<\/ul>\n<h2>\u00a1Estamos aqu\u00ed para ayudarte!<\/h2>\n<div>\n<p>Si tienes alguna pregunta, quieres colaborar, o simplemente deseas m\u00e1s informaci\u00f3n sobre nuestros gatos y c\u00f3mo puedes ayudarlos, no dudes en ponerte en contacto con nosotros. Tu mensaje es importante y estamos listos para responder. \u00a1Hablemos y hagamos una diferencia juntos!<\/p>\n<\/div>\n<p><a href=\"http:\/\/localhost\/happy%20pets2\/\"><img decoding=\"async\" src=\"\/happy%20pets2\/wp-content\/uploads\/2024\/09\/Anadir-un-titulo.png\" alt=\"\"><\/a><\/p>\n<p><!--more--><br \/>\n<!-- {\"type\":\"layout\",\"children\":[{\"type\":\"section\",\"props\":{\"image_position\":\"center-center\",\"image_size\":\"cover\",\"padding\":\"none\",\"padding_remove_bottom\":false,\"padding_remove_top\":false,\"style\":\"muted\",\"title_breakpoint\":\"xl\",\"title_position\":\"top-left\",\"title_rotation\":\"left\",\"vertical_align\":\"\",\"width\":\"default\"},\"children\":[{\"type\":\"row\",\"props\":{\"column_gap\":\"medium\",\"layout\":\"1-2,1-2\",\"margin_remove_bottom\":true,\"parallax\":false,\"width\":\"expand\"},\"children\":[{\"type\":\"column\",\"props\":{\"image_position\":\"center-center\",\"image_size\":\"cover\",\"media_visibility\":\"m\",\"padding\":\"none\",\"position_sticky\":\"column\",\"position_sticky_breakpoint\":\"m\",\"width_large\":\"1-2\"},\"children\":[{\"type\":\"image\",\"props\":{\"image\":\"wp-content\\\/uploads\\\/2024\\\/10\\\/close-up-adorable-cat-with-white-background-1-scaled.jpg\",\"image_loading\":true,\"image_svg_color\":\"emphasis\",\"image_viewport_height\":true,\"margin\":\"default\",\"visibility\":\"l\"}}]},{\"type\":\"column\",\"props\":{\"image_position\":\"center-center\",\"position_sticky_breakpoint\":\"m\",\"width_large\":\"1-2\"},\"children\":[{\"type\":\"headline\",\"props\":{\"block_align\":\"center\",\"content\":\"Contacto\",\"css\":\".el-element { margin-top: 70px; }\\n\\n@media(min-width: 1200px) {\\n    .el-element { margin-top: 140px; }\\n}\",\"margin\":\"large\",\"maxwidth\":\"xlarge\",\"title_color\":\"secondary\",\"title_element\":\"h1\",\"title_style\":\"heading-medium\"}},{\"type\":\"headline\",\"props\":{\"block_align\":\"center\",\"content\":\"Datos de Contacto\",\"margin\":\"large\",\"margin_remove_bottom\":true,\"maxwidth\":\"xlarge\",\"title_color\":\"primary\",\"title_element\":\"div\",\"title_style\":\"h4\"}},{\"type\":\"headline\",\"props\":{\"block_align\":\"center\",\"content\":\"<a rel=\\\"noopener\\\"><span>happypetsmelilla<\\\/span><span>@gmail<\\\/span><span>.com<\\\/span><\\\/a>\",\"link\":\"mailto:happypetsmelilla@gmail.com\",\"margin\":\"default\",\"margin_remove_bottom\":true,\"maxwidth\":\"xlarge\",\"title_element\":\"div\",\"title_style\":\"h3\"}},{\"type\":\"headline\",\"props\":{\"block_align\":\"center\",\"content\":\"686 699 753 \\\/ 637 342 242\",\"link\":\"tel:+34 686 699 753\",\"margin\":\"default\",\"maxwidth\":\"xlarge\",\"title_element\":\"div\",\"title_style\":\"h3\"}},{\"type\":\"headline\",\"props\":{\"block_align\":\"center\",\"content\":\"Direcci\\u00f3n\",\"margin\":\"large\",\"margin_remove_bottom\":true,\"maxwidth\":\"xlarge\",\"title_color\":\"primary\",\"title_element\":\"div\",\"title_style\":\"h4\"}},{\"type\":\"headline\",\"props\":{\"block_align\":\"center\",\"content\":\"52001 Melilla, Espa\\u00f1a\",\"margin\":\"default\",\"maxwidth\":\"xlarge\",\"title_element\":\"div\",\"title_style\":\"h1\"}},{\"type\":\"button\",\"props\":{\"block_align\":\"center\",\"button_size\":\"large\",\"fullwidth\":false,\"grid_column_gap\":\"small\",\"grid_row_gap\":\"small\",\"margin\":\"large\",\"maxwidth\":\"xlarge\"},\"children\":[{\"type\":\"button_item\",\"props\":{\"button_style\":\"primary\",\"content\":\"Abrir en el Mapa\",\"icon\":\"forward\",\"icon_align\":\"left\",\"link\":\"https:\\\/\\\/goo.gl\\\/maps\\\/PFQjQ1mJr5cUE6Tv8\",\"link_target\":\"blank\"}}]},{\"type\":\"map\",\"props\":{\"controls\":true,\"dragging\":false,\"height\":500,\"image_svg_color\":\"emphasis\",\"link_style\":\"default\",\"link_text\":\"Read more\",\"margin\":\"xlarge\",\"max_zoom\":18,\"meta_align\":\"below-title\",\"meta_element\":\"div\",\"meta_style\":\"text-meta\",\"min_zoom\":0,\"poi\":false,\"show_content\":true,\"show_image\":true,\"show_link\":true,\"show_meta\":true,\"show_title\":true,\"styler_gamma\":\"0.3\",\"styler_lightness\":\"75\",\"styler_saturation\":\"-100\",\"title_element\":\"div\",\"title_hover_style\":\"reset\",\"title_style\":\"h3\",\"type\":\"roadmap\",\"zoom\":\"16\",\"zooming\":false},\"children\":[{\"type\":\"map_item\",\"props\":{\"location\":\"35.2823,-2.9406\",\"title\":\"Melilla\"}}]},{\"type\":\"headline\",\"props\":{\"block_align\":\"center\",\"content\":\"Redes Sociales\",\"margin\":\"large\",\"margin_remove_bottom\":true,\"maxwidth\":\"xlarge\",\"title_color\":\"primary\",\"title_element\":\"div\",\"title_style\":\"h4\"}},{\"name\":\"Social Icon Width\",\"type\":\"social\",\"children\":[{\"type\":\"social_item\",\"props\":{\"link\":\"https:\\\/\\\/www.tiktok.com\\\/@mavikoluhappypetsmelilla\"}},{\"type\":\"social_item\",\"props\":{\"link\":\"https:\\\/\\\/www.facebook.com\\\/people\\\/Happy-Pets-Melilla\\\/100088403630524\\\/\"}},{\"type\":\"social_item\",\"props\":{\"link\":\"https:\\\/\\\/www.instagram.com\\\/happypets_melilla\\\/\"}},{\"type\":\"social_item\",\"props\":{\"icon\":\"whatsapp\"}}],\"props\":{\"block_align\":\"center\",\"grid\":\"horizontal\",\"grid_column_gap\":\"medium\",\"grid_gap\":\"small\",\"grid_row_gap\":\"collapse\",\"icon_width\":\"30\",\"image_height\":\"30\",\"image_svg_inline\":true,\"image_width\":\"30\",\"link_style\":\"button\",\"link_target\":true,\"margin\":\"default\",\"margin_remove_bottom\":false,\"maxwidth\":\"xlarge\"}},{\"type\":\"headline\",\"props\":{\"block_align\":\"center\",\"content\":\"\\u00a1Estamos aqu\\u00ed para ayudarte!\",\"margin\":\"large\",\"maxwidth\":\"xlarge\",\"title_color\":\"secondary\",\"title_element\":\"h2\",\"title_style\":\"heading-large\"}},{\"type\":\"text\",\"props\":{\"block_align\":\"center\",\"column_breakpoint\":\"m\",\"content\":\"\n\n<p>Si tienes alguna pregunta, quieres colaborar, o simplemente deseas m\\u00e1s informaci\\u00f3n sobre nuestros gatos y c\\u00f3mo puedes ayudarlos, no dudes en ponerte en contacto con nosotros. Tu mensaje es importante y estamos listos para responder. \\u00a1Hablemos y hagamos una diferencia juntos!<\\\/p>\",\"margin\":\"default\",\"maxwidth\":\"xlarge\",\"text_style\":\"large\"}},{\"type\":\"image\",\"props\":{\"blend\":false,\"image\":\"wp-content\\\/uploads\\\/2024\\\/09\\\/Anadir-un-titulo.png\",\"image_svg_color\":\"emphasis\",\"link\":\"http:\\\/\\\/localhost\\\/happy%20pets2\\\/\",\"margin\":\"\",\"margin_remove_bottom\":false,\"text_align\":\"center\"}}]}]}],\"name\":\"Contact\"}],\"version\":\"4.4.5\"} --><\/p>\n","protected":false},"excerpt":{"rendered":"<p>Contacto Datos de Contacto happypetsmelilla@gmail.com 686 699 753 \/ 637 342 242 Direcci\u00f3n 52001 Melilla, Espa\u00f1a Abrir en el Mapa 35.2823,-2.9406 Melilla Redes Sociales tiktok facebook instagram social \u00a1Estamos aqu\u00ed para ayudarte! Si tienes alguna pregunta, quieres colaborar, o simplemente deseas m\u00e1s informaci\u00f3n sobre nuestros gatos y c\u00f3mo puedes ayudarlos, no dudes en ponerte en [&hellip;]<\/p>\n","protected":false},"author":1,"featured_media":0,"parent":0,"menu_order":9,"comment_status":"open","ping_status":"open","template":"","meta":{"_acf_changed":false,"footnotes":""},"class_list":["post-6","page","type-page","status-publish","hentry"],"acf":[],"_links":{"self":[{"href":"https:\/\/happypetsml.es\/index.php?rest_route=\/wp\/v2\/pages\/6","targetHints":{"allow":["GET"]}}],"collection":[{"href":"https:\/\/happypetsml.es\/index.php?rest_route=\/wp\/v2\/pages"}],"about":[{"href":"https:\/\/happypetsml.es\/index.php?rest_route=\/wp\/v2\/types\/page"}],"author":[{"embeddable":true,"href":"https:\/\/happypetsml.es\/index.php?rest_route=\/wp\/v2\/users\/1"}],"replies":[{"embeddable":true,"href":"https:\/\/happypetsml.es\/index.php?rest_route=%2Fwp%2Fv2%2Fcomments&post=6"}],"version-history":[{"count":57,"href":"https:\/\/happypetsml.es\/index.php?rest_route=\/wp\/v2\/pages\/6\/revisions"}],"predecessor-version":[{"id":1960,"href":"https:\/\/happypetsml.es\/index.php?rest_route=\/wp\/v2\/pages\/6\/revisions\/1960"}],"wp:attachment":[{"href":"https:\/\/happypetsml.es\/index.php?rest_route=%2Fwp%2Fv2%2Fmedia&parent=6"}],"curies":[{"name":"wp","href":"https:\/\/api.w.org\/{rel}","templated":true}]}}